{"id":151,"date":"2018-12-27T12:43:13","date_gmt":"2018-12-27T10:43:13","guid":{"rendered":"http:\/\/alfabetitzacio-digital.recursos.uoc.edu\/praxis-politiques\/?page_id=151"},"modified":"2018-12-27T12:43:13","modified_gmt":"2018-12-27T10:43:13","slug":"bibliografia","status":"publish","type":"page","link":"http:\/\/alfabetitzacio-digital.recursos.uoc.edu\/praxis-politiques\/es\/bibliografia\/","title":{"rendered":"Bibliograf\u00eda"},"content":{"rendered":"<p>A continuaci\u00f3n, presentamos algunos documentos que referencian los proyectos que hemos explicado en estas p\u00e1ginas:<\/p>\n<p><strong>Asamblea Parlamentaria Euro-Latinoamericana<\/strong> (2016). \u00abAgenda Digital en la Unio\u0301n Europea y los pai\u0301ses ALC\u00bb [documento en l\u00ednea]. Disponible en: <a href=\"http:\/\/www.europarl.europa.eu\/meetdocs\/2014_2019\/documents\/dlat\/dv\/1106\/1106078\/1106078es.pdf\" target=\"_blank\" rel=\"noopener\">http:\/\/www.europarl.europa.eu\/meetdocs\/2014_2019\/documents\/dlat\/dv\/1106\/1106078\/1106078es.pdf<\/a>.<\/p>\n<p><strong>Comisi\u00f3n Europea<\/strong> (2014). \u00abAgenda Digital para Europa. Comprender las pol\u00edticas de la Uni\u00f3n Europea\u00bb [documento en l\u00ednea]. <a href=\"https:\/\/europa.eu\/european-union\/file\/1501\/download_es?token=3l7D0Fil\" target=\"_blank\" rel=\"noopener\">https:\/\/europa.eu\/european-union\/file\/1501\/download_es?token=3l7D0Fil<\/a>.<\/p>\n<p><strong>Comisi\u00f3n Europea<\/strong> (2015). \u00abEU actions on Open Data \u2013 Digital Single Market Strategy\u00bb [documento en l\u00ednea]. <a href=\"http:\/\/ec.europa.eu\/information_society\/newsroom\/cf\/dae\/document.cfm?action=display&amp;doc_id=12658\" target=\"_blank\" rel=\"noopener\">http:\/\/ec.europa.eu\/information_society\/newsroom\/cf\/dae\/document.cfm?action=display&amp;doc_id=12658<\/a>.<\/p>\n<p><strong>Comisi\u00f3n Europea<\/strong> (2016). \u00abDigital social innovation for sustainable societies\u00bb. <em>Focus magazine<\/em> (n\u00fam. 16) [documento en l\u00ednea]. <a href=\"https:\/\/ec.europa.eu\/digital-single-market\/sites\/digital-agenda\/files\/focus_16_accessibility.pdf\" target=\"_blank\" rel=\"noopener\">https:\/\/ec.europa.eu\/digital-single-market\/sites\/digital-agenda\/files\/focus_16_accessibility.pdf<\/a>.<\/p>\n<p><strong>Comisi\u00f3n Europea<\/strong> (2016-2017). \u00abA guide to ICT-related activities in WP2016-17\u00bb. [documento en l\u00ednea]. <a href=\"https:\/\/ec.europa.eu\/programmes\/horizon2020\/sites\/horizon2020\/files\/Guide%20to%20ICT-related%20activities%20in%20WP2016-17%20A4%20v8.pdf\" target=\"_blank\" rel=\"noopener\">https:\/\/ec.europa.eu\/programmes\/horizon2020\/sites\/horizon2020\/files\/Guide%20to%20ICT-related%20activities%20in%20WP2016-17%20A4%20v8.pdf<\/a>.<\/p>\n<p><strong>Comisi\u00f3n Europea<\/strong> (2018). \u00abHorizon 2020. Work Programme 2018-2020: Information and Communication Technologies\u00bb [documento en l\u00ednea]. <a href=\"http:\/\/ec.europa.eu\/research\/participants\/data\/ref\/h2020\/wp\/2018-2020\/main\/h2020-wp1820-leit-ict_en.pdf\" target=\"_blank\" rel=\"noopener\">http:\/\/ec.europa.eu\/research\/participants\/data\/ref\/h2020\/wp\/2018-2020\/main\/h2020-wp1820-leit-ict_en.pdf<\/a>.<\/p>\n<p>\u00abRecomendacio\u0301n del Parlamento Europeo y del Consejo de 18 de diciembre del 2006 sobre las competencias clave para el aprendizaje permanente\u00bb. <em>Diario Oficial de la Uni\u00f3n Europea <\/em>[documento en l\u00ednea]. <a href=\"https:\/\/eur-lex.europa.eu\/legal-content\/ES\/TXT\/PDF\/?uri=CELEX:32006H0962&amp;from=ES\" target=\"_blank\" rel=\"noopener\">https:\/\/eur-lex.europa.eu\/legal-content\/ES\/TXT\/PDF\/?uri=CELEX:32006H0962&amp;from=ES<\/a>.<\/p>\n<p>\u00abComunicaci\u00f3n de la Comisi\u00f3n al Parlamento Europeo, al Consejo, al Comit\u00e9 Econ\u00f3mico y Social Europeo y al Comit\u00e9 de las Regiones relativa a la revisi\u00f3n intermedia de la aplicaci\u00f3n de la Estrategia para el Mercado \u00danico Digital. Un mercado \u00fanico digital conectado para todos\u00bb.<\/p>\n","protected":false},"excerpt":{"rendered":"<p>A continuaci\u00f3n, presentamos algunos documentos que referencian los proyectos que hemos explicado en estas p\u00e1ginas: Asamblea Parlamentaria Euro-Latinoamericana (2016). \u00abAgenda Digital en la Unio\u0301n Europea y los pai\u0301ses ALC\u00bb [documento en l\u00ednea]. Disponible en: http:\/\/www.europarl.europa.eu\/meetdocs\/2014_2019\/documents\/dlat\/dv\/1106\/1106078\/1106078es.pdf. Comisi\u00f3n Europea (2014). \u00abAgenda Digital para Europa. Comprender las pol\u00edticas de la Uni\u00f3n Europea\u00bb [documento en l\u00ednea]. https:\/\/europa.eu\/european-union\/file\/1501\/download_es?token=3l7D0Fil. Comisi\u00f3n Europea [&hellip;]<\/p>\n","protected":false},"author":1,"featured_media":0,"parent":0,"menu_order":0,"comment_status":"closed","ping_status":"closed","template":"","meta":[],"_links":{"self":[{"href":"http:\/\/alfabetitzacio-digital.recursos.uoc.edu\/praxis-politiques\/es\/wp-json\/wp\/v2\/pages\/151"}],"collection":[{"href":"http:\/\/alfabetitzacio-digital.recursos.uoc.edu\/praxis-politiques\/es\/wp-json\/wp\/v2\/pages"}],"about":[{"href":"http:\/\/alfabetitzacio-digital.recursos.uoc.edu\/praxis-politiques\/es\/wp-json\/wp\/v2\/types\/page"}],"author":[{"embeddable":true,"href":"http:\/\/alfabetitzacio-digital.recursos.uoc.edu\/praxis-politiques\/es\/wp-json\/wp\/v2\/users\/1"}],"replies":[{"embeddable":true,"href":"http:\/\/alfabetitzacio-digital.recursos.uoc.edu\/praxis-politiques\/es\/wp-json\/wp\/v2\/comments?post=151"}],"version-history":[{"count":1,"href":"http:\/\/alfabetitzacio-digital.recursos.uoc.edu\/praxis-politiques\/es\/wp-json\/wp\/v2\/pages\/151\/revisions"}],"predecessor-version":[{"id":152,"href":"http:\/\/alfabetitzacio-digital.recursos.uoc.edu\/praxis-politiques\/es\/wp-json\/wp\/v2\/pages\/151\/revisions\/152"}],"wp:attachment":[{"href":"http:\/\/alfabetitzacio-digital.recursos.uoc.edu\/praxis-politiques\/es\/wp-json\/wp\/v2\/media?parent=151"}],"curies":[{"name":"wp","href":"https:\/\/api.w.org\/{rel}","templated":true}]}}