{"id":129,"date":"2018-12-27T12:25:13","date_gmt":"2018-12-27T10:25:13","guid":{"rendered":"http:\/\/alfabetitzacio-digital.recursos.uoc.edu\/praxis-politiques\/?page_id=129"},"modified":"2019-01-15T13:55:33","modified_gmt":"2019-01-15T11:55:33","slug":"1-5-1-erasmus","status":"publish","type":"page","link":"http:\/\/alfabetitzacio-digital.recursos.uoc.edu\/praxis-politiques\/es\/1-5-1-erasmus\/","title":{"rendered":"1.5.1. Erasmus+"},"content":{"rendered":"<div class=\"featured featured-blue\"><p><strong>Erasmus+<\/strong> es la ampliaci\u00f3n del conocido programa Erasmus para los a\u00f1os que van del 2014 al 2020. Es un ambicioso programa que cubre los \u00e1mbitos de la educaci\u00f3n, la formaci\u00f3n, la juventud y el deporte.<\/p>\n<\/div>\n<p>Este programa busca ayudar al sistema europeo de educaci\u00f3n, formaci\u00f3n y juventud a ofrecer una ense\u00f1anza y un aprendizaje innovadores y de calidad, impulsando nuevas perspectivas en la inserci\u00f3n laboral y el desarrollo personal, y proporcionar as\u00ed a la juventud las capacidades necesarias para el mercado laboral y la sociedad actual y futura.<\/p>\n<p>Este programa va mucho m\u00e1s all\u00e1 del tema que nos ocupa, y abarca propuestas educativas y de formaci\u00f3n en todas sus caracter\u00edsticas, pero dedica una parte relevante de su presupuesto a proyectos que buscan la inclusi\u00f3n digital y el ofrecimiento de capacidades, as\u00ed como la b\u00fasqueda de medidas para evitar la discriminaci\u00f3n en l\u00ednea.<\/p>\n<p>Al estilo de CAPS, Erasmus+ co-financia mucho proyectos de formaci\u00f3n entre iguales, en los que estudiantes en talleres internacionales aprenden y ense\u00f1an de manera conjunta habilidades digitales como la programaci\u00f3n de forma divertida. De este modo, se a\u00fanan los objetivos de los programas Erasmus de facilitar el movimiento dentro de la Uni\u00f3n Europea de estudiantes y profesores, y tambi\u00e9n de preparar a la juventud para el futuro mercado de trabajo, desarrollando habilidades y capacidades digitales.<\/p>\n<p>As\u00ed, desde Erasmus+ se han cofinanciado varios proyectos que buscan concienciar contra el<em> ciberbullying<\/em> y la discriminaci\u00f3n en l\u00ednea, dando herramientas tanto a educadores como a la juventud para detectar este tipo de actividades y pararlas.<\/p>\n<div class=\"featured featured-grey\"><\/p>\n<h3>Ejemplos<\/h3>\n<p>Un ejemplo de este tipo de programas es el paquete educativo contra la discriminaci\u00f3n digital, desarrollado desde el proyecto I-CUD. Pod\u00e9is acceder a esta aplicaci\u00f3n web desde <a href=\"http:\/\/digitaldiscrimination.eu\/pack\/\" target=\"_blank\" rel=\"noopener\">http:\/\/digitaldiscrimination.eu\/pack\/<\/a>.<\/p>\n<p>En <a href=\"http:\/\/digitaldiscrimination.eu\" target=\"_blank\" rel=\"noopener\">la web del proyecto<\/a>, encontrar\u00e9is tambi\u00e9n un interesante repositorio de materiales para luchar contra la discriminaci\u00f3n en l\u00ednea.<\/p>\n<p>\n<\/div>\n","protected":false},"excerpt":{"rendered":"<p>Este programa busca ayudar al sistema europeo de educaci\u00f3n, formaci\u00f3n y juventud a ofrecer una ense\u00f1anza y un aprendizaje innovadores y de calidad, impulsando nuevas perspectivas en la inserci\u00f3n laboral y el desarrollo personal, y proporcionar as\u00ed a la juventud las capacidades necesarias para el mercado laboral y la sociedad actual y futura. Este programa [&hellip;]<\/p>\n","protected":false},"author":1,"featured_media":0,"parent":0,"menu_order":0,"comment_status":"closed","ping_status":"closed","template":"","meta":[],"_links":{"self":[{"href":"http:\/\/alfabetitzacio-digital.recursos.uoc.edu\/praxis-politiques\/es\/wp-json\/wp\/v2\/pages\/129"}],"collection":[{"href":"http:\/\/alfabetitzacio-digital.recursos.uoc.edu\/praxis-politiques\/es\/wp-json\/wp\/v2\/pages"}],"about":[{"href":"http:\/\/alfabetitzacio-digital.recursos.uoc.edu\/praxis-politiques\/es\/wp-json\/wp\/v2\/types\/page"}],"author":[{"embeddable":true,"href":"http:\/\/alfabetitzacio-digital.recursos.uoc.edu\/praxis-politiques\/es\/wp-json\/wp\/v2\/users\/1"}],"replies":[{"embeddable":true,"href":"http:\/\/alfabetitzacio-digital.recursos.uoc.edu\/praxis-politiques\/es\/wp-json\/wp\/v2\/comments?post=129"}],"version-history":[{"count":2,"href":"http:\/\/alfabetitzacio-digital.recursos.uoc.edu\/praxis-politiques\/es\/wp-json\/wp\/v2\/pages\/129\/revisions"}],"predecessor-version":[{"id":194,"href":"http:\/\/alfabetitzacio-digital.recursos.uoc.edu\/praxis-politiques\/es\/wp-json\/wp\/v2\/pages\/129\/revisions\/194"}],"wp:attachment":[{"href":"http:\/\/alfabetitzacio-digital.recursos.uoc.edu\/praxis-politiques\/es\/wp-json\/wp\/v2\/media?parent=129"}],"curies":[{"name":"wp","href":"https:\/\/api.w.org\/{rel}","templated":true}]}}