{"id":126,"date":"2018-12-27T12:23:02","date_gmt":"2018-12-27T10:23:02","guid":{"rendered":"http:\/\/alfabetitzacio-digital.recursos.uoc.edu\/praxis-politiques\/?page_id=126"},"modified":"2018-12-27T12:23:02","modified_gmt":"2018-12-27T10:23:02","slug":"1-4-4-digital-champions","status":"publish","type":"page","link":"http:\/\/alfabetitzacio-digital.recursos.uoc.edu\/praxis-politiques\/es\/1-4-4-digital-champions\/","title":{"rendered":"1.4.4. <em>Digital Champions<\/em>"},"content":{"rendered":"<p>El concepto es buscar a un representante nacional, una figura relevante e inspiradora sobre las tecnolog\u00edas digitales en cada pa\u00eds, y nombrarlo embajador del mercado \u00fanico digital de la Uni\u00f3n Europea. El nombre oficial de estos representantes es <strong><em>digital champions<\/em><\/strong> o <strong>campeones<\/strong> <strong>digitales<\/strong>. Cada Estado miembro elegir\u00eda a su representante. Su misi\u00f3n simb\u00f3lica ser\u00eda ayudar a que cada uno de los ciudadanos de la Uni\u00f3n Europea pueda llegar a ser realmente digital.<\/p>\n<p>Para hacer la elecci\u00f3n, se busca a personas creativas y motivadas en las capacitaciones digitales; personas que lideren proyectos innovadores en formaci\u00f3n de TIC, inclusi\u00f3n digital, Administraci\u00f3n digital, etc.<\/p>\n<p>Estos embajadores dirigir\u00e1n un foco especial hacia las personas j\u00f3venes, a motivarlas en el aprendizaje de las capacidades digitales y animarlas a ser emprendedores.<\/p>\n<p>Del mismo modo, estos embajadores digitales recopilar\u00edan buenas pr\u00e1cticas y soluciones innovadoras que han funcionado en sus pa\u00edses, y ayudar\u00edan a diseminarlas en un \u00e1mbito europeo y a aplicarlas en otros pa\u00edses y contextos.<\/p>\n<p>Existe un <a href=\"javascript:void(0);\" class=\"tooltip\" data-toggle=\"popover\" data-placement=\"bottom\" data-content=\"El listado con los diferentes embajadores lo pod\u00e9is encontrar en <a href='https:\/\/ec.europa.eu\/digital-single-market\/en\/digital-champions' target='_blank'>https:\/\/ec.europa.eu\/digital-single-market\/en\/digital-champions<\/a>.\" data-placement=\"top\" data-html=\"true\" >embajador<\/a> para cada pa\u00eds de la Uni\u00f3n Europea.<\/p>\n<p>En el momento de redactar este texto, no hab\u00eda ning\u00fan representado espa\u00f1ol en el listado (actualizaci\u00f3n de junio del 2018).<\/p>\n<p>En paralelo, tambi\u00e9n existen unos embajadores espec\u00edficos para la semana de programaci\u00f3n que hemos explicado anteriormente. En este caso, s\u00ed hay dos embajadores para Espa\u00f1a: Artur Coll, que organiza la semana del Scratch en Catalu\u00f1a, e Itziar Garc\u00eda Bl\u00e1zquez, en la Universidad de Mondrag\u00f3n.<\/p>\n","protected":false},"excerpt":{"rendered":"<p>El concepto es buscar a un representante nacional, una figura relevante e inspiradora sobre las tecnolog\u00edas digitales en cada pa\u00eds, y nombrarlo embajador del mercado \u00fanico digital de la Uni\u00f3n Europea. El nombre oficial de estos representantes es digital champions o campeones digitales. Cada Estado miembro elegir\u00eda a su representante. Su misi\u00f3n simb\u00f3lica ser\u00eda ayudar [&hellip;]<\/p>\n","protected":false},"author":1,"featured_media":0,"parent":0,"menu_order":0,"comment_status":"closed","ping_status":"closed","template":"","meta":[],"_links":{"self":[{"href":"http:\/\/alfabetitzacio-digital.recursos.uoc.edu\/praxis-politiques\/es\/wp-json\/wp\/v2\/pages\/126"}],"collection":[{"href":"http:\/\/alfabetitzacio-digital.recursos.uoc.edu\/praxis-politiques\/es\/wp-json\/wp\/v2\/pages"}],"about":[{"href":"http:\/\/alfabetitzacio-digital.recursos.uoc.edu\/praxis-politiques\/es\/wp-json\/wp\/v2\/types\/page"}],"author":[{"embeddable":true,"href":"http:\/\/alfabetitzacio-digital.recursos.uoc.edu\/praxis-politiques\/es\/wp-json\/wp\/v2\/users\/1"}],"replies":[{"embeddable":true,"href":"http:\/\/alfabetitzacio-digital.recursos.uoc.edu\/praxis-politiques\/es\/wp-json\/wp\/v2\/comments?post=126"}],"version-history":[{"count":1,"href":"http:\/\/alfabetitzacio-digital.recursos.uoc.edu\/praxis-politiques\/es\/wp-json\/wp\/v2\/pages\/126\/revisions"}],"predecessor-version":[{"id":127,"href":"http:\/\/alfabetitzacio-digital.recursos.uoc.edu\/praxis-politiques\/es\/wp-json\/wp\/v2\/pages\/126\/revisions\/127"}],"wp:attachment":[{"href":"http:\/\/alfabetitzacio-digital.recursos.uoc.edu\/praxis-politiques\/es\/wp-json\/wp\/v2\/media?parent=126"}],"curies":[{"name":"wp","href":"https:\/\/api.w.org\/{rel}","templated":true}]}}