{"id":117,"date":"2018-12-27T12:06:26","date_gmt":"2018-12-27T10:06:26","guid":{"rendered":"http:\/\/alfabetitzacio-digital.recursos.uoc.edu\/praxis-politiques\/?page_id=117"},"modified":"2019-01-15T13:53:37","modified_gmt":"2019-01-15T11:53:37","slug":"1-4-1-caps","status":"publish","type":"page","link":"http:\/\/alfabetitzacio-digital.recursos.uoc.edu\/praxis-politiques\/es\/1-4-1-caps\/","title":{"rendered":"1.4.1. CAPS"},"content":{"rendered":"<div class=\"featured featured-blue\"><p><strong>CAPS<\/strong> son las siglas de <a href=\"https:\/\/ec.europa.eu\/digital-single-market\/en\/collective-awareness\" target=\"_blank\" rel=\"noopener\"><em>Collective Awareness Sensibilization Platfform<\/em><\/a> o plataformas de sensibilizaci\u00f3n colectiva. Es la iniciativa asociada a la Agenda Digital Europea m\u00e1s relevante en cuanto a la inclusi\u00f3n y la capacitaci\u00f3n digitales.<\/p>\n<\/div>\n<p>Para la UE, la iniciativa CAPS, apoyada a trav\u00e9s del presupuesto de investigaci\u00f3n e innovaci\u00f3n de la UE, es uno de los mecanismos de cambio m\u00e1s potentes para la sociedad en Europa y en el mundo.<\/p>\n<p>La idea de fondo es crear plataformas de creaci\u00f3n y discusi\u00f3n colectivas, abiertas, para potenciar la innovaci\u00f3n social en procesos horizontales, no dirigidos. Algunas de las \u00e1reas objetivo son la econom\u00eda circular, el reciclaje inteligente, la producci\u00f3n colaborativa, la democracia directa, los derechos digitales y la preservaci\u00f3n de la privacidad.<\/p>\n<p>La iniciativa CAPS tiene como objetivo dise\u00f1ar y dinamizar plataformas en l\u00ednea para concienciar sobre problemas de sostenibilidad y poner en pr\u00e1ctica soluciones colectivas. En este sentido, promueve soluciones colaborativas basadas en redes (de personas, de ideas, de sensores) que permitan nuevas formas de innovaci\u00f3n social digital.<\/p>\n<div class=\"featured featured-grey\"><\/p>\n<h3>Internet de las cosas<\/h3>\n<p>El concepto de <strong>internet<\/strong> <strong>de las cosas<\/strong>, conocido normalmente por las siglas IoT (de <em>Internet<\/em> <em>Of Things<\/em>), facilita por ejemplo la interconexi\u00f3n de todo tipo de dispositivos captadores de datos, como sensores de temperatura, presi\u00f3n, radiaci\u00f3n, etc. Esto ha llevado, entre otras cosas, a la creaci\u00f3n de redes descentralizadas en las cuales los usuarios suben todo tipo de sensores para recopilar datos y, as\u00ed, crear proyectos de ciencia ciudadana en los que es posible hacer un seguimiento preciso del tiempo atmosf\u00e9rico, la contaminaci\u00f3n en una ciudad, etc.<\/p>\n<p>\n<\/div>\n<p>Inspirados en redes colectivas tipo wiki, como la Wikipedia, CAPS busca compartir conocimientos e informaci\u00f3n para facilitar a los consumidores la toma de decisiones, as\u00ed como sensibilizar a la ciudadan\u00eda europea para respetar el medio ambiente y establecer procesos democr\u00e1ticos m\u00e1s participativos.<\/p>\n<p>\u00bfPor qu\u00e9 establecer procesos colectivos horizontales? Por un lado, para potenciar el pluralismo: nadie, ni los expertos, tienen todas las respuestas, de aqu\u00ed la importancia de crear plataformas para la discusi\u00f3n abierta. Por otro lado, el usuario en l\u00ednea actual conf\u00eda y se motiva viendo las acciones de sus conciudadanos en la Red, y de aqu\u00ed la importancia de crear plataformas y redes de colaboraci\u00f3n.<\/p>\n<p>CAPS se organiza en torno a estos conceptos clave:<\/p>\n<ul>\n<li><strong>Sostenibilidad<\/strong> es el primer reto de la iniciativa CAPS, focalizada en la sensibilidad hacia los problemas con el medio ambiente. Sin embargo, r\u00e1pidamente esta idea de sostenibilidad se ampli\u00f3 para incluir tambi\u00e9n sus dimensiones sociales y econ\u00f3micas, para garantizar a las generaciones futuras una calidad de vida como m\u00ednimo similar a la actual.<\/li>\n<li>Potenciar la <strong>confianza<\/strong> <strong>colectiva<\/strong> que facilite la creaci\u00f3n de pr\u00e1cticas sociales innovadoras, sostenibles y contextualizadas en los diferentes entornos locales.<\/li>\n<li>Activar la multidisciplinariedad, haciendo que cada consorcio cofinanciado incluya al menos dos entidades no asociadas directamente con las TIC, como por ejemplo relacionadas con el \u00e1mbito de las ciencias sociales, la econom\u00eda o las artes.<\/li>\n<li>Ofrecer plataformas web abiertas como herramienta central del programa, encargadas de construir una <strong>conciencia colectiva<\/strong>, traduciendo los retos de nuestras sociedades en sitios web, redes sociales, wikis colaborativos, foros y otras infraestructuras de actuaci\u00f3n.<\/li>\n<li>Desarrollar la <strong>innovaci\u00f3n<\/strong> <strong>social<\/strong> generando nuevos servicios, m\u00e9todos y productos que afronten problemas sociales urgentes y emergentes, para crear un mundo m\u00e1s equitativo, sostenible y justo.<\/li>\n<\/ul>\n<div class=\"featured featured-grey\"><\/p>\n<h3>Algunos ejemplos<\/h3>\n<ul>\n<li><a href=\"https:\/\/dcentproject.eu\" target=\"_blank\" rel=\"noopener\"><strong>D-Cent<\/strong><\/a><strong>:<\/strong> proporcionar a la sociedad civil herramientas digitales para la participaci\u00f3n democr\u00e1tica. Realizaci\u00f3n de pol\u00edticas abiertas: mejor toma de decisiones basadas en datos abiertos.<\/li>\n<li><a href=\"http:\/\/www.webcosi.eu\" target=\"_blank\" rel=\"noopener\"><strong>WebCosi<\/strong><\/a><strong>:<\/strong> aumento de la confianza en las estad\u00edsticas generadas colectivamente.<\/li>\n<li><a href=\"https:\/\/wikirate.org\" target=\"_blank\" rel=\"noopener\"><strong>Wikirate<\/strong><\/a><strong>:<\/strong> permitir a los ciudadanos valorar las empresas en relaci\u00f3n con la responsabilidad social corporativa.<\/li>\n<li><a href=\"https:\/\/www.decarbonet.eu\" target=\"_blank\" rel=\"noopener\"><strong>DecarboNet<\/strong><\/a><strong>:<\/strong> fomenta el cambio de comportamiento para reducir el consumo de energ\u00eda.<\/li>\n<li><strong><a href=\"http:\/\/cap4access.eu\/intro.html\" target=\"_blank\" rel=\"noopener\">Cap4Access<\/a>:<\/strong> eliminaci\u00f3n colectiva de barreras para la inclusi\u00f3n.<\/li>\n<li><strong><a href=\"https:\/\/databait.hwcomms.com\" target=\"_blank\" rel=\"noopener\">Databait<\/a>:<\/strong> gracias a DataBait, los usuarios reciben comentarios sobre qu\u00e9 se puede deducir autom\u00e1ticamente de los datos que comparten en l\u00ednea.<\/li>\n<li><a href=\"https:\/\/digitalsocial.eu\" target=\"_blank\" rel=\"noopener\"><strong>Digital Social Innovation<\/strong><\/a><strong>:<\/strong> comunidad para potenciar el uso de tecnolog\u00edas digitales para tratar problemas sociales.<\/li>\n<\/ul>\n<p>\n<\/div>\n","protected":false},"excerpt":{"rendered":"<p>Para la UE, la iniciativa CAPS, apoyada a trav\u00e9s del presupuesto de investigaci\u00f3n e innovaci\u00f3n de la UE, es uno de los mecanismos de cambio m\u00e1s potentes para la sociedad en Europa y en el mundo. La idea de fondo es crear plataformas de creaci\u00f3n y discusi\u00f3n colectivas, abiertas, para potenciar la innovaci\u00f3n social en [&hellip;]<\/p>\n","protected":false},"author":1,"featured_media":0,"parent":0,"menu_order":0,"comment_status":"closed","ping_status":"closed","template":"","meta":[],"_links":{"self":[{"href":"http:\/\/alfabetitzacio-digital.recursos.uoc.edu\/praxis-politiques\/es\/wp-json\/wp\/v2\/pages\/117"}],"collection":[{"href":"http:\/\/alfabetitzacio-digital.recursos.uoc.edu\/praxis-politiques\/es\/wp-json\/wp\/v2\/pages"}],"about":[{"href":"http:\/\/alfabetitzacio-digital.recursos.uoc.edu\/praxis-politiques\/es\/wp-json\/wp\/v2\/types\/page"}],"author":[{"embeddable":true,"href":"http:\/\/alfabetitzacio-digital.recursos.uoc.edu\/praxis-politiques\/es\/wp-json\/wp\/v2\/users\/1"}],"replies":[{"embeddable":true,"href":"http:\/\/alfabetitzacio-digital.recursos.uoc.edu\/praxis-politiques\/es\/wp-json\/wp\/v2\/comments?post=117"}],"version-history":[{"count":3,"href":"http:\/\/alfabetitzacio-digital.recursos.uoc.edu\/praxis-politiques\/es\/wp-json\/wp\/v2\/pages\/117\/revisions"}],"predecessor-version":[{"id":192,"href":"http:\/\/alfabetitzacio-digital.recursos.uoc.edu\/praxis-politiques\/es\/wp-json\/wp\/v2\/pages\/117\/revisions\/192"}],"wp:attachment":[{"href":"http:\/\/alfabetitzacio-digital.recursos.uoc.edu\/praxis-politiques\/es\/wp-json\/wp\/v2\/media?parent=117"}],"curies":[{"name":"wp","href":"https:\/\/api.w.org\/{rel}","templated":true}]}}