{"id":128,"date":"2019-01-15T16:12:41","date_gmt":"2019-01-15T14:12:41","guid":{"rendered":"http:\/\/alfabetitzacio-digital.recursos.uoc.edu\/orientacions\/?page_id=128"},"modified":"2019-02-04T12:48:43","modified_gmt":"2019-02-04T10:48:43","slug":"1-7-finalizando-el-diseno","status":"publish","type":"page","link":"http:\/\/alfabetitzacio-digital.recursos.uoc.edu\/orientacions\/es\/1-7-finalizando-el-diseno\/","title":{"rendered":"1.7. Finalizando el dise\u00f1o"},"content":{"rendered":"<p>Una vez que ya lo tengamos todo dise\u00f1ado y planificado, si no lo hemos hecho antes, ser\u00e1 necesario poner un <strong>t\u00edtulo<\/strong> a la experiencia. Este es un aspecto que en no pocas ocasiones se acostumbra a descuidar un poco, y es importante elegir uno que sea suficiente atractivo y\/o motivador, en funci\u00f3n del colectivo al que nos dirijamos y que sea capaz de resumir y transmitir el talante de la acci\u00f3n. En este sentido, quiz\u00e1 hay que ser un poco imaginativos y rehuir los t\u00edtulos m\u00e1s cl\u00e1sicos.<\/p>\n<p>A partir de aqu\u00ed, habr\u00e1 que hacer el trabajo de <strong>difusi\u00f3n<\/strong> a trav\u00e9s de los canales que haya disponibles, e iniciar todo el proceso administrativo de recogida de inscripciones, as\u00ed como elegir unos horarios adecuados al colectivo al que nos dirigimos.<\/p>\n<p>Aun as\u00ed, una vez finalizado el dise\u00f1o y definidos los contenidos y la metodolog\u00eda de la acci\u00f3n formativa, se necesitar\u00e1 elegir a las <strong>personas formadoras<\/strong>. Para hacerlo, habr\u00eda que tener claros sus <a href=\"javascript:void(0);\" class=\"tooltip\" data-toggle=\"popover\" data-placement=\"bottom\" data-content=\"En el material \u00abContextos de exclusi\u00f3n digital y agentes de e-inclusi\u00f3n\u00bb encontrar\u00e9is una definici\u00f3n bastante amplia de este perfil en la actualidad, bajo el nombre de <em>profesional de la dinamizaci\u00f3n social digital<\/em>.\" data-placement=\"top\" data-html=\"true\" >perfiles<\/a>: es decir, los conocimientos requeridos, as\u00ed como las capacidades pedag\u00f3gicas y\/o sociales y de dinamizaci\u00f3n, en funci\u00f3n de la propuesta.<\/p>\n<p>Tambi\u00e9n es recomendable adelantarse a posibles imprevistos o contingencias, en el supuesto de que puedan fallar cosas que tenemos proyectadas, ya sean posibles problemas relacionados con las herramientas u otras cuestiones. En este caso, puede ir bien disponer de un <strong>plan b o plan de crisis<\/strong>, un poco preparado con antelaci\u00f3n, por si acaso.<\/p>\n","protected":false},"excerpt":{"rendered":"<p>Una vez que ya lo tengamos todo dise\u00f1ado y planificado, si no lo hemos hecho antes, ser\u00e1 necesario poner un t\u00edtulo a la experiencia. Este es un aspecto que en no pocas ocasiones se acostumbra a descuidar un poco, y es importante elegir uno que sea suficiente atractivo y\/o motivador, en funci\u00f3n del colectivo al [&hellip;]<\/p>\n","protected":false},"author":1,"featured_media":0,"parent":0,"menu_order":0,"comment_status":"closed","ping_status":"closed","template":"","meta":[],"_links":{"self":[{"href":"http:\/\/alfabetitzacio-digital.recursos.uoc.edu\/orientacions\/es\/wp-json\/wp\/v2\/pages\/128"}],"collection":[{"href":"http:\/\/alfabetitzacio-digital.recursos.uoc.edu\/orientacions\/es\/wp-json\/wp\/v2\/pages"}],"about":[{"href":"http:\/\/alfabetitzacio-digital.recursos.uoc.edu\/orientacions\/es\/wp-json\/wp\/v2\/types\/page"}],"author":[{"embeddable":true,"href":"http:\/\/alfabetitzacio-digital.recursos.uoc.edu\/orientacions\/es\/wp-json\/wp\/v2\/users\/1"}],"replies":[{"embeddable":true,"href":"http:\/\/alfabetitzacio-digital.recursos.uoc.edu\/orientacions\/es\/wp-json\/wp\/v2\/comments?post=128"}],"version-history":[{"count":2,"href":"http:\/\/alfabetitzacio-digital.recursos.uoc.edu\/orientacions\/es\/wp-json\/wp\/v2\/pages\/128\/revisions"}],"predecessor-version":[{"id":196,"href":"http:\/\/alfabetitzacio-digital.recursos.uoc.edu\/orientacions\/es\/wp-json\/wp\/v2\/pages\/128\/revisions\/196"}],"wp:attachment":[{"href":"http:\/\/alfabetitzacio-digital.recursos.uoc.edu\/orientacions\/es\/wp-json\/wp\/v2\/media?parent=128"}],"curies":[{"name":"wp","href":"https:\/\/api.w.org\/{rel}","templated":true}]}}