{"id":48,"date":"2018-12-10T01:39:31","date_gmt":"2018-12-09T23:39:31","guid":{"rendered":"http:\/\/alfabetitzacio-digital.recursos.uoc.edu\/contextos-exclusio\/?page_id=48"},"modified":"2019-02-19T13:52:15","modified_gmt":"2019-02-19T11:52:15","slug":"2-1-introduccio","status":"publish","type":"page","link":"http:\/\/alfabetitzacio-digital.recursos.uoc.edu\/contextos-exclusio\/2-1-introduccio\/","title":{"rendered":"2.1. Introducci\u00f3"},"content":{"rendered":"<p>De qui \u00e9s la responsabilitat que no es produeixi exclusi\u00f3 digital? Ser\u00e0 possible assolir una plena capacitaci\u00f3 digital de la ciutadania? On es produeix la divis\u00f2ria digital al nostre pa\u00eds? En quins contextos? Ja hem parlat en l\u2019apartat 1.5 del perfil socioecon\u00f2mic de les persones menys capacitades digitalment. Recordem: persones grans, pensionistes o mestresses de casa, amb pocs estudis, que viuen en pobles, v\u00eddues i amb pocs ingressos. En aquest apartat parlarem de les situacions m\u00e9s habituals on es produeix exclusi\u00f3 digital i dels col\u00b7lectius m\u00e9s vulnerables, i de com treballar per a evitar-ho.<\/p>\n<div class=\"featured featured-grey\"><\/p>\n<h3>Exemple<\/h3>\n<p>Aqu\u00ed teniu un exemple de com treballen l\u2019alfabetitzaci\u00f3 digital als pobles de Valladolid:<\/p>\n<p><a href=\"http:\/\/www.diariodevalladolid.es\/noticias\/provincia\/aula-movil-aula-dip-visitara-32-municipios-meses-verano_121157.html\" target=\"_blank\" rel=\"noopener\">http:\/\/www.diariodevalladolid.es\/noticias\/provincia\/aula-movil-aula-dip-visitara-32-municipios-meses-verano_121157.html<\/a><\/p>\n<p>\n<\/div>\n","protected":false},"excerpt":{"rendered":"<p>De qui \u00e9s la responsabilitat que no es produeixi exclusi\u00f3 digital? Ser\u00e0 possible assolir una plena capacitaci\u00f3 digital de la ciutadania? On es produeix la divis\u00f2ria digital al nostre pa\u00eds? En quins contextos? Ja hem parlat en l\u2019apartat 1.5 del perfil socioecon\u00f2mic de les persones menys capacitades digitalment. Recordem: persones grans, pensionistes o mestresses de [&hellip;]<\/p>\n","protected":false},"author":1,"featured_media":0,"parent":0,"menu_order":0,"comment_status":"closed","ping_status":"closed","template":"","meta":[],"_links":{"self":[{"href":"http:\/\/alfabetitzacio-digital.recursos.uoc.edu\/contextos-exclusio\/wp-json\/wp\/v2\/pages\/48"}],"collection":[{"href":"http:\/\/alfabetitzacio-digital.recursos.uoc.edu\/contextos-exclusio\/wp-json\/wp\/v2\/pages"}],"about":[{"href":"http:\/\/alfabetitzacio-digital.recursos.uoc.edu\/contextos-exclusio\/wp-json\/wp\/v2\/types\/page"}],"author":[{"embeddable":true,"href":"http:\/\/alfabetitzacio-digital.recursos.uoc.edu\/contextos-exclusio\/wp-json\/wp\/v2\/users\/1"}],"replies":[{"embeddable":true,"href":"http:\/\/alfabetitzacio-digital.recursos.uoc.edu\/contextos-exclusio\/wp-json\/wp\/v2\/comments?post=48"}],"version-history":[{"count":6,"href":"http:\/\/alfabetitzacio-digital.recursos.uoc.edu\/contextos-exclusio\/wp-json\/wp\/v2\/pages\/48\/revisions"}],"predecessor-version":[{"id":769,"href":"http:\/\/alfabetitzacio-digital.recursos.uoc.edu\/contextos-exclusio\/wp-json\/wp\/v2\/pages\/48\/revisions\/769"}],"wp:attachment":[{"href":"http:\/\/alfabetitzacio-digital.recursos.uoc.edu\/contextos-exclusio\/wp-json\/wp\/v2\/media?parent=48"}],"curies":[{"name":"wp","href":"https:\/\/api.w.org\/{rel}","templated":true}]}}