{"id":144,"date":"2018-12-12T02:50:24","date_gmt":"2018-12-12T00:50:24","guid":{"rendered":"http:\/\/alfabetitzacio-digital.recursos.uoc.edu\/contextos-exclusio\/?page_id=144"},"modified":"2021-02-01T11:43:32","modified_gmt":"2021-02-01T09:43:32","slug":"3-2-2-xarxes-de-telecentres","status":"publish","type":"page","link":"http:\/\/alfabetitzacio-digital.recursos.uoc.edu\/contextos-exclusio\/3-2-2-xarxes-de-telecentres\/","title":{"rendered":"3.2.2. Xarxes de telecentres"},"content":{"rendered":"<p>Normalment els telecentres s\u2019agrupen en xarxes<strong> territorials<\/strong> (comarcals, regionals, estatals, supraestatals) o <strong>conceptuals<\/strong> (socials, de teletreball, d\u2019empresa\u2026), per tal d\u2019optimitzar recursos. Per exemple, per a agrupar la formaci\u00f3 interna de les persones dinamitzadores socials digitals i aconseguir m\u00e9s impacte. El treball en xarxa facilita, a m\u00e9s, les sin\u00e8rgies entre els telecentres i t\u00e9 un component de comunitat molt interessant.<\/p>\n<p>Alguns exemples:<\/p>\n<ul>\n<li><a href=\"http:\/\/xarxaomnia.gencat.cat\/\" target=\"_blank\" rel=\"noopener\"><strong>Xarxa \u00d2mnia de Catalunya<\/strong><\/a>. Dep\u00e8n de la Direcci\u00f3 General d\u2019Acci\u00f3 C\u00edvica i Comunit\u00e0ria de Benestar Social i t\u00e9 un objectiu triple: aprenentatge digital, ocupabilitat i millora comunit\u00e0ria. S\u2019orienta especialment a les persones en situaci\u00f3 d\u2019atur, infants i joves, gent gran i fam\u00edlies Per tant, t\u00e9 una import\u00e0ncia especial per a les persones que estudien Educaci\u00f3 Social.<\/li>\n<li><a href=\"http:\/\/punttic.gencat.cat\/es\" target=\"_blank\" rel=\"noopener\"><strong>Xarxa Punt TIC de Catalunya<\/strong><\/a>. Coordinada des de la Secretar\u00eda de Telecomunicaciones, Ciberseguridad y Sociedad Digital, engloba tots els telecentres catalans, els anteriors Punts \u00d2mnia i tamb\u00e9 altres de menys \u00absocials\u00bb enfocats a l\u2019aprenentatge, l\u2019emprenedoria, el teletreball, etc. Hi ha telecentres de titularitat privada, municipal i altres creats expressament per aquesta Secretaria.<\/li>\n<li><a href=\"https:\/\/somos-digital.org\/\" target=\"_blank\" rel=\"noopener\"><strong>Asociaci\u00f3n Somos Digital (Comunidad de Redes de Telecentros de Espa\u00f1a)<\/strong><\/a><\/li>\n<li><strong><a href=\"http:\/\/all-digital.org\/\" target=\"_blank\" rel=\"noopener\">All Digital<\/a><\/strong> (associaci\u00f3 europea formada per xarxes de telecentres i diferents actors per la capacitaci\u00f3 digital de la ciutadania).<\/li>\n<\/ul>\n<p>&nbsp;<\/p>\n","protected":false},"excerpt":{"rendered":"<p>Normalment els telecentres s\u2019agrupen en xarxes territorials (comarcals, regionals, estatals, supraestatals) o conceptuals (socials, de teletreball, d\u2019empresa\u2026), per tal d\u2019optimitzar recursos. Per exemple, per a agrupar la formaci\u00f3 interna de les persones dinamitzadores socials digitals i aconseguir m\u00e9s impacte. El treball en xarxa facilita, a m\u00e9s, les sin\u00e8rgies entre els telecentres i t\u00e9 un component [&hellip;]<\/p>\n","protected":false},"author":1,"featured_media":0,"parent":0,"menu_order":0,"comment_status":"closed","ping_status":"closed","template":"","meta":[],"_links":{"self":[{"href":"http:\/\/alfabetitzacio-digital.recursos.uoc.edu\/contextos-exclusio\/wp-json\/wp\/v2\/pages\/144"}],"collection":[{"href":"http:\/\/alfabetitzacio-digital.recursos.uoc.edu\/contextos-exclusio\/wp-json\/wp\/v2\/pages"}],"about":[{"href":"http:\/\/alfabetitzacio-digital.recursos.uoc.edu\/contextos-exclusio\/wp-json\/wp\/v2\/types\/page"}],"author":[{"embeddable":true,"href":"http:\/\/alfabetitzacio-digital.recursos.uoc.edu\/contextos-exclusio\/wp-json\/wp\/v2\/users\/1"}],"replies":[{"embeddable":true,"href":"http:\/\/alfabetitzacio-digital.recursos.uoc.edu\/contextos-exclusio\/wp-json\/wp\/v2\/comments?post=144"}],"version-history":[{"count":8,"href":"http:\/\/alfabetitzacio-digital.recursos.uoc.edu\/contextos-exclusio\/wp-json\/wp\/v2\/pages\/144\/revisions"}],"predecessor-version":[{"id":921,"href":"http:\/\/alfabetitzacio-digital.recursos.uoc.edu\/contextos-exclusio\/wp-json\/wp\/v2\/pages\/144\/revisions\/921"}],"wp:attachment":[{"href":"http:\/\/alfabetitzacio-digital.recursos.uoc.edu\/contextos-exclusio\/wp-json\/wp\/v2\/media?parent=144"}],"curies":[{"name":"wp","href":"https:\/\/api.w.org\/{rel}","templated":true}]}}