{"id":38,"date":"2018-12-02T12:20:43","date_gmt":"2018-12-02T10:20:43","guid":{"rendered":"http:\/\/alfabetitzacio-digital.recursos.uoc.edu\/conceptes-claus-en-inclusio-exclusio-i-capacitacio-digital\/?page_id=38"},"modified":"2020-12-22T14:02:08","modified_gmt":"2020-12-22T12:02:08","slug":"1-5-la-societat-digital-a-europa-i-espanya","status":"publish","type":"page","link":"http:\/\/alfabetitzacio-digital.recursos.uoc.edu\/conceptes-claus\/1-5-la-societat-digital-a-europa-i-espanya\/","title":{"rendered":"1.5. La societat digital a Europa i Espanya"},"content":{"rendered":"<p>La Uni\u00f3 Europea elabora l\u2019\u00edndex anomenat<em> The Digital Economy and Society Index<\/em> (DESI), que analitza els indicadors europeus de rendiment digital i l\u2019evoluci\u00f3 dels estats membres de la Uni\u00f3 Europea pel que fa a la competitivitat digital. L\u2019\u00edndex inclou cinc dimensions per a avaluar aquest \u00edndex: connectivitat, capital hum\u00e0, \u00fas d\u2019internet, integraci\u00f3 de les tecnologies digitals i serveis digitals p\u00fablics (govern digital). En l\u2019edici\u00f3 de l\u2019<a class=\"tooltip\"  href=\"javascript:void(0);\" data-toggle=\"popover\" data-placement=\"bottom\" data-content=\"Font: European Commision (2020). \u00abHuman Capital: Digital Inclusion and Skills: Digital Economy and Society Index Report 2020-Human Capital\u00bb.\">informe de 2020<\/a> es constaten algunes dades interessants, entre les quals destaquem que un 85 % de la poblaci\u00f3 europea empra internet cada dia. Segons aquest informe, un 9% de la poblaci\u00f3 de la Uni\u00f3 Europea encara no ha utilitzat mai internet. Malgrat tot i segons el DESI, les persones grans i les que tenen un nivell educatiu baix o ingressos econ\u00f2mics baixos continuen tenint un risc d\u2019exclusi\u00f3 digital (m\u00e9s endavant analitzarem qu\u00e8 entenem per exclusi\u00f3 digital). Podeu accedir al darrer informe DESI des d&#8217;<a href=\"https:\/\/ec.europa.eu\/digital-single-market\/en\/human-capital-and-digital-skills\" target=\"_blank\" rel=\"noopener\">aquest enlla\u00e7<\/a>.<\/p>\n<p>Pel que fa a Espanya, i per a disposar d\u2019una visi\u00f3 exhaustiva dels canvis socials, laborals i personals de la introducci\u00f3 de les TIC, podeu consultar els informes anuals sobre la situaci\u00f3 digital a Espanya elaborats per Telef\u00f3nica. Aquest informe, a m\u00e9s, inclou tot un seguit d\u2019indicadors i una comparativa per comunitats aut\u00f2nomes. Podeu consultar el darrer informe des d&#8217;<a href=\"https:\/\/www.fundaciontelefonica.com\/cultura-digital\/publicaciones\/sociedad-digital-en-espana-2019\/699\/#openModal\" target=\"_blank\" rel=\"noopener\">aquest enlla\u00e7.<\/a><\/p>\n<p>Per la seva banda, <em>Plan<\/em> <em>Espa\u00f1a Digital 2025 <\/em> del govern espanyol recull \u00abun conjunto de medidas, reformas e inversiones, articuladas en diez ejes estrat\u00e9gicos, alineados a las pol\u00edticas digitales marcadas por la Comisi\u00f3n Europea para el nuevo periodo. Las acciones de la Agenda est\u00e1n orientadas a impulsar un crecimiento m\u00e1s sostenible e inclusivo, impulsado por las sinergias de las transiciones digital y ecol\u00f3gica, que llegue al conjunto de la sociedad y concilie las nuevas oportunidades que ofrece el mundo digital con el respeto de los valores constitucionales y la protecci\u00f3n de los derechos individuales y colectivos\u00bb. En aquest context es poden consultar els diferents plans d\u2019acci\u00f3 que van des de la digitalitzaci\u00f3 de les empreses als aspectes de capacitaci\u00f3 digital de la poblaci\u00f3. Podeu accedir-hi des d&#8217;<a href=\"https:\/\/www.lamoncloa.gob.es\/presidente\/actividades\/Documents\/2020\/230720-Espa%C3%B1aDigital_2025.pdf\" target=\"_blank\" rel=\"noopener\">aquest enlla\u00e7<\/a>.<\/p>\n","protected":false},"excerpt":{"rendered":"<p>La Uni\u00f3 Europea elabora l\u2019\u00edndex anomenat The Digital Economy and Society Index (DESI), que analitza els indicadors europeus de rendiment digital i l\u2019evoluci\u00f3 dels estats membres de la Uni\u00f3 Europea pel que fa a la competitivitat digital. L\u2019\u00edndex inclou cinc dimensions per a avaluar aquest \u00edndex: connectivitat, capital hum\u00e0, \u00fas d\u2019internet, integraci\u00f3 de les tecnologies [&hellip;]<\/p>\n","protected":false},"author":1,"featured_media":0,"parent":0,"menu_order":5,"comment_status":"closed","ping_status":"closed","template":"","meta":[],"_links":{"self":[{"href":"http:\/\/alfabetitzacio-digital.recursos.uoc.edu\/conceptes-claus\/wp-json\/wp\/v2\/pages\/38"}],"collection":[{"href":"http:\/\/alfabetitzacio-digital.recursos.uoc.edu\/conceptes-claus\/wp-json\/wp\/v2\/pages"}],"about":[{"href":"http:\/\/alfabetitzacio-digital.recursos.uoc.edu\/conceptes-claus\/wp-json\/wp\/v2\/types\/page"}],"author":[{"embeddable":true,"href":"http:\/\/alfabetitzacio-digital.recursos.uoc.edu\/conceptes-claus\/wp-json\/wp\/v2\/users\/1"}],"replies":[{"embeddable":true,"href":"http:\/\/alfabetitzacio-digital.recursos.uoc.edu\/conceptes-claus\/wp-json\/wp\/v2\/comments?post=38"}],"version-history":[{"count":9,"href":"http:\/\/alfabetitzacio-digital.recursos.uoc.edu\/conceptes-claus\/wp-json\/wp\/v2\/pages\/38\/revisions"}],"predecessor-version":[{"id":292,"href":"http:\/\/alfabetitzacio-digital.recursos.uoc.edu\/conceptes-claus\/wp-json\/wp\/v2\/pages\/38\/revisions\/292"}],"wp:attachment":[{"href":"http:\/\/alfabetitzacio-digital.recursos.uoc.edu\/conceptes-claus\/wp-json\/wp\/v2\/media?parent=38"}],"curies":[{"name":"wp","href":"https:\/\/api.w.org\/{rel}","templated":true}]}}