{"id":184,"date":"2018-12-21T13:29:00","date_gmt":"2018-12-21T11:29:00","guid":{"rendered":"http:\/\/alfabetitzacio-digital.recursos.uoc.edu\/conceptes-claus\/?page_id=184"},"modified":"2021-01-22T15:51:37","modified_gmt":"2021-01-22T13:51:37","slug":"1-5-la-sociedad-digital-en-europa-y-espana","status":"publish","type":"page","link":"http:\/\/alfabetitzacio-digital.recursos.uoc.edu\/conceptes-claus\/es\/1-5-la-sociedad-digital-en-europa-y-espana\/","title":{"rendered":"1.5. La sociedad digital en Europa y Espa\u00f1a"},"content":{"rendered":"<p>La Uni\u00f3n Europea elabora <em>The Digital Economy and Society Index<\/em> (DESI), que analiza los indicadores europeos de rendimiento digital y la evoluci\u00f3n de los estados miembros de la Uni\u00f3n Europea en cuanto a la competitividad digital. Incluye cinco dimensiones para evaluar este \u00edndice: conectividad, capital humano, uso de internet, integraci\u00f3n de las tecnolog\u00edas digitales y servicios digitales p\u00fablicos (Gobierno electr\u00f3nico). En la edici\u00f3n del <a class=\"tooltip\"  href=\"javascript:void(0);\" data-toggle=\"popover\" data-placement=\"bottom\" data-content=\"Fuente: European Commision (2020). \u00abHuman Capital: Digital Inclusion and Skills: Digital economy and Society Index Report 2020- Human Capital\u00bb.\">informe del 2020<\/a>, se constatan algunos datos interesantes, entre los cuales destacamos que un 85 % de la poblaci\u00f3n europea emplea internet cada d\u00eda.\u00a0 Seg\u00fan este informe, un 9% de la poblaci\u00f3n de la Uni\u00f3n Europea a\u00fan no ha utilizado nunca internet. A pesar de esto,\u00a0 y seg\u00fan el DESI, las personas mayores y las que tienen un nivel educativo bajo o ingresos econ\u00f3micos bajos contin\u00faan estando en riesgo de exclusi\u00f3n digital (m\u00e1s adelante analizaremos qu\u00e9 entendemos por exclusi\u00f3n digital). Pod\u00e9is acceder al \u00faltimo informe DESI desde <a href=\"https:\/\/ec.europa.eu\/digital-single-market\/en\/human-capital-and-digital-skills\" target=\"_blank\" rel=\"noopener\">este enlace.<\/a><\/p>\n<p>En cuanto a Espa\u00f1a, y para disponer de una visi\u00f3n exhaustiva de los cambios sociales, laborales y personales de la introducci\u00f3n de las TIC, pod\u00e9is consultar los informes anuales sobre la situaci\u00f3n digital en Espa\u00f1a elaborados por Telef\u00f3nica. Este informe, adem\u00e1s, incluye toda una serie de indicadores y una comparativa por comunidades aut\u00f3nomas. Pod\u00e9is consultar el \u00faltimo informe desde <a href=\"https:\/\/www.fundaciontelefonica.com\/cultura-digital\/publicaciones\/sociedad-digital-en-espana-2019\/699\/\" target=\"_blank\" rel=\"noopener\">este enlace<\/a>.<\/p>\n<p>Por su parte,\u00a0<em>Plan<\/em> <em>Espa\u00f1a Digital 2025 <\/em> del gobierno espa\u00f1ol recoge \u00abun conjunto de medidas, reformas e inversiones, articuladas en diez ejes estrat\u00e9gicos, alineados a las pol\u00edticas digitales marcadas por la Comisi\u00f3n Europea para el nuevo periodo. Las acciones de la Agenda est\u00e1n orientadas a impulsar un crecimiento m\u00e1s sostenible e inclusivo, impulsado por las sinergias de las transiciones digital y ecol\u00f3gica, que llegue al conjunto de la sociedad y concilie las nuevas oportunidades que ofrece el mundo digital con el respeto de los valores constitucionales y la protecci\u00f3n de los derechos individuales y colectivos\u00bb. En este contexto, se pueden consultar los diferentes planes de acci\u00f3n que van desde la digitalizaci\u00f3n de las empresas hasta los aspectos relacionados con la capacitaci\u00f3n digital de la poblaci\u00f3n.\u00a0 Pod\u00e9is acceder al <em>Plan Espa\u00f1a Digital 2025<\/em> a trav\u00e9s de este <a href=\"https:\/\/www.lamoncloa.gob.es\/presidente\/actividades\/Documents\/2020\/230720-Espa%C3%B1aDigital_2025.pdf\" target=\"_blank\" rel=\"noopener\">enlace<\/a>.<\/p>\n","protected":false},"excerpt":{"rendered":"<p>La Uni\u00f3n Europea elabora The Digital Economy and Society Index (DESI), que analiza los indicadores europeos de rendimiento digital y la evoluci\u00f3n de los estados miembros de la Uni\u00f3n Europea en cuanto a la competitividad digital. Incluye cinco dimensiones para evaluar este \u00edndice: conectividad, capital humano, uso de internet, integraci\u00f3n de las tecnolog\u00edas digitales y [&hellip;]<\/p>\n","protected":false},"author":1,"featured_media":0,"parent":0,"menu_order":5,"comment_status":"closed","ping_status":"closed","template":"","meta":[],"_links":{"self":[{"href":"http:\/\/alfabetitzacio-digital.recursos.uoc.edu\/conceptes-claus\/es\/wp-json\/wp\/v2\/pages\/184"}],"collection":[{"href":"http:\/\/alfabetitzacio-digital.recursos.uoc.edu\/conceptes-claus\/es\/wp-json\/wp\/v2\/pages"}],"about":[{"href":"http:\/\/alfabetitzacio-digital.recursos.uoc.edu\/conceptes-claus\/es\/wp-json\/wp\/v2\/types\/page"}],"author":[{"embeddable":true,"href":"http:\/\/alfabetitzacio-digital.recursos.uoc.edu\/conceptes-claus\/es\/wp-json\/wp\/v2\/users\/1"}],"replies":[{"embeddable":true,"href":"http:\/\/alfabetitzacio-digital.recursos.uoc.edu\/conceptes-claus\/es\/wp-json\/wp\/v2\/comments?post=184"}],"version-history":[{"count":3,"href":"http:\/\/alfabetitzacio-digital.recursos.uoc.edu\/conceptes-claus\/es\/wp-json\/wp\/v2\/pages\/184\/revisions"}],"predecessor-version":[{"id":296,"href":"http:\/\/alfabetitzacio-digital.recursos.uoc.edu\/conceptes-claus\/es\/wp-json\/wp\/v2\/pages\/184\/revisions\/296"}],"wp:attachment":[{"href":"http:\/\/alfabetitzacio-digital.recursos.uoc.edu\/conceptes-claus\/es\/wp-json\/wp\/v2\/media?parent=184"}],"curies":[{"name":"wp","href":"https:\/\/api.w.org\/{rel}","templated":true}]}}